


{"id":4356,"date":"2023-11-27T21:23:22","date_gmt":"2023-11-27T21:23:22","guid":{"rendered":"https:\/\/www.hoppy-tours.com\/conditions-generales-dutilisation\/"},"modified":"2024-08-07T11:40:49","modified_gmt":"2024-08-07T09:40:49","slug":"conditions-generales-dutilisation","status":"publish","type":"page","link":"https:\/\/www.hoppy-tours.com\/fr\/conditions-generales-dutilisation\/","title":{"rendered":"Conditions g\u00e9n\u00e9rales de vente"},"content":{"rendered":"\n<p><strong>TastXplorers :<\/strong><\/p>\n\n<p>Tva : BE0721.748.393<\/p>\n\n<p>Si\u00e8ge social : 8, Sentier de la Bruy\u00e8re, 1461 Ittre<\/p>\n\n<p>These general and special terms and conditions apply to all services marketed by TasteXplorers BVBA. .<\/p>\n\n<p>L&rsquo;acheteur reconna\u00eet avoir \u00e9t\u00e9 inform\u00e9 et avoir accept\u00e9 le fait que TasteXplorers BVBA soit le vendeur r\u00e9alisant cette vente conform\u00e9ment \u00e0 toutes les dispositions l\u00e9gales. L&rsquo;acheteur reconna\u00eet avoir \u00e9t\u00e9 inform\u00e9 et avoir accept\u00e9 le fait que TasteXplorers BVBA soit le vendeur r\u00e9alisant cette vente conform\u00e9ment \u00e0 toutes les dispositions l\u00e9gales.<\/p>\n\n<p><strong>Enregistrement et validation d&rsquo;une commande<\/strong><\/p>\n\n<p>Navigation au sein du Site : Le Client peut consulter les diff\u00e9rents Produits propos\u00e9s \u00e0 la vente par Tastexplorers sur son Site. Le Client peut naviguer librement sur les diff\u00e9rentes pages du Site, sans \u00eatre li\u00e9 par une commande. Si le Client souhaite passer commande, il choisira les diff\u00e9rents Produits qui l&rsquo;int\u00e9ressent, et manifestera cet int\u00e9r\u00eat en cliquant sur la case \u00ab R\u00c9SERVER \u00bb. A tout moment, le Client peut obtenir un r\u00e9capitulatif des Produits qu&rsquo;il a s\u00e9lectionn\u00e9s en cliquant sur \u00ab votre Panier \u00bb. Corrigez les \u00e9ventuelles erreurs commises lors de la saisie des donn\u00e9es de commande en cliquant sur \u00ab Retour \u00bb ; toutefois, la correction n&rsquo;est plus possible une fois que le Client a r\u00e9gl\u00e9 sa commande.<\/p>\n\n<p>Les r\u00e9servations disponibles sur notre site www.hoppy-tours.com se r\u00e8glent via la plateforme de r\u00e9servation Stripe.<\/p>\n\n<p>Un email de confirmation sera alors envoy\u00e9. Un email de confirmation sera alors envoy\u00e9.<\/p>\n\n<p><strong>Prix<\/strong>\n<\/p>\n\n<p>Les prix indiqu\u00e9s sur notre site sont TVA incluse. Ils sont garantis pendant la dur\u00e9e de validit\u00e9 de ces documents, sous r\u00e9serve de modifications dues \u00e0 des erreurs d&rsquo;impression ou \u00e0 des erreurs r\u00e9sultant de modifications de notre site. Les prix de vente des produits sur notre site Internet sont ceux indiqu\u00e9s au moment de l&rsquo;enregistrement de la commande.<\/p>\n\n<p><strong>RESPONSABILIT\u00c9 INDIVIDUELLE<\/strong><\/p>\n\n<p>En ce qui concerne les activit\u00e9s de TasteXplorers BVBA, la soci\u00e9t\u00e9 n&rsquo;est pas responsable de la conduite en \u00e9tat d&rsquo;\u00e9bri\u00e9t\u00e9. La BVBA TasteXplorers se r\u00e9serve le droit de suspendre le service en cas de dommage au mat\u00e9riel fourni ou provoqu\u00e9 par l&rsquo;un de nos partenaires ou en cas de comportement inappropri\u00e9.<\/p>\n\n<p>En cas de pr\u00e9sence de personnes mineures ou semblant mineures, l&rsquo;\u00e9quipe TasteXplorers ou ses partenaires se r\u00e9servent le droit de demander une pi\u00e8ce d&rsquo;identit\u00e9 valide. En aucun cas, sauf autorisation expresse et motiv\u00e9e du tuteur l\u00e9gal, un mineur ne peut participer \u00e0 des d\u00e9gustations d&rsquo;alcools (bi\u00e8res, vins et spiritueux).<\/p>\n\n<h3 class=\"wp-block-heading\"><strong>R\u00c9CLAMER<\/strong><\/h3>\n\n<p>Toute r\u00e9clamation peut \u00eatre formul\u00e9e soit par lettre recommand\u00e9e, adress\u00e9e \u00e0 la direction, au 8, Sentier de la Bruy\u00e8re, 1461 Haut-Ittre, France, soit par e-mail \u00e0 info@hoppy-tours.com.<\/p>\n\n<p>Dur\u00e9e de validit\u00e9 &#8211; Ch\u00e8ques cadeaux<\/p>\n\n<p>Chaque ticket de participation, chaque code de r\u00e9servation et chaque code li\u00e9 \u00e0 un Cadeau est unique Il ne peut \u00eatre ni modifi\u00e9 ni copi\u00e9 et ne peut \u00eatre utilis\u00e9 qu&rsquo;une seule fois, sauf indication contraire expresse.<\/p>\n\n<p>A compter de leur date d&rsquo;\u00e9mission, les ch\u00e8ques cadeaux sont valables 1 an.<\/p>\n\n<p><strong>Annulation<\/strong><\/p>\n\n<p>Il est possible d&rsquo;annuler votre commande avec un remboursement int\u00e9gral jusqu&rsquo;\u00e0 24 heures avant la date de r\u00e9servation. De plus, il sera possible de r\u00e9server une autre date.<\/p>\n\n<p><strong>Conditions d&rsquo;annulation pourBVBA TasteXplorers<\/strong><\/p>\n\n<p>En cas d&rsquo;annulation du fait de la SPRL TasteXplorers (conditions m\u00e9t\u00e9orologiques dangereuses, impossibilit\u00e9 d&rsquo;effectuer le parcours en raison d&rsquo;une fermeture partielle du parcours par les autorit\u00e9s, \u00e9v\u00e9nements exceptionnels, &#8230;) : un remboursement int\u00e9gral sera propos\u00e9 \u00e0 l&rsquo;acheteur de la prestation ou la possibilit\u00e9 de reporter la date du parcours.<\/p>\n\n<h4 class=\"wp-block-heading\"><strong>ASSURANCE<\/strong><\/h4>\n\n<p><strong>Responsabilit\u00e9 civile des clients.<\/strong><\/p>\n\n<p>La BVBA TasteXplorers La BVBA TasteXplorers d\u00e9cline toute responsabilit\u00e9 pour les dommages de toute nature, tels que le vol, pouvant affecter les effets, objets ou mat\u00e9riels apport\u00e9s par les clients. Chaque visiteur est responsable de tout dommage, direct ou indirect, qu&rsquo;il pourrait causer lors de sa pr\u00e9sence \u00e0 un service propos\u00e9 par TasteXplorers BVBA.<\/p>\n\n<h4 class=\"wp-block-heading\"><strong>Responsabilit\u00e9 civile professionnelle<\/strong><\/h4>\n\n<p>La BVBA TasteXplorers est titulaire d&rsquo;un contrat d&rsquo;assurance responsabilit\u00e9 civile professionnelle souscrit aupr\u00e8s d&rsquo;ING. Elle garantit les cons\u00e9quences de la responsabilit\u00e9 civile professionnelle pouvant incomber \u00e0 la BVBA TasteXplorers du fait de dommages corporels, mat\u00e9riels et immat\u00e9riels caus\u00e9s \u00e0 ses clients ou \u00e0 des tiers \u00e0 la suite d&rsquo;une faute, erreur ou n\u00e9gligence constat\u00e9e dans le cadre de son activit\u00e9 professionnelle. .<\/p>\n\n<h4 class=\"wp-block-heading\"><strong>Mention l\u00e9gale<\/strong><\/h4>\n\n<p>Tout le contenu de www.hoppy-tours.com et www.hoppy-tours.be est la propri\u00e9t\u00e9 de TasteXplorers BVBA. En aucun cas ils ne peuvent \u00eatre repris ou utilis\u00e9s \u00e0 quelque fin que ce soit, sauf autorisation expresse et \u00e9crite du directeur de la publication.<\/p>\n\n<h4 class=\"wp-block-heading\"><strong>Litige<\/strong><\/h4>\n\n<p>Competent court: district of Nivelles &#8211; Belgium.<\/p>\n\n<p>Publishing Director: Massart Guillaume and Craps S\u00e9bastien<\/p>\n\n<p>Conception and realization of the site : <a aria-label=\"WE JUNE Agency (s&#x2019;ouvre dans un nouvel onglet)\" href=\"https:\/\/www.we-june.com\" target=\"_blank\" rel=\"noreferrer noopener\">WE JUNE Agency<\/a><\/p>\n","protected":false},"excerpt":{"rendered":"<p>TastXplorers : Tva : BE0721.748.393 Si\u00e8ge social : 8, Sentier de la Bruy\u00e8re, 1461 Ittre These general and special terms and conditions apply to all services marketed by TasteXplorers BVBA. . L&rsquo;acheteur reconna\u00eet avoir \u00e9t\u00e9 inform\u00e9 et avoir accept\u00e9 le fait que TasteXplorers BVBA soit le vendeur r\u00e9alisant cette vente conform\u00e9ment \u00e0 toutes les dispositions [&hellip;]<\/p>\n","protected":false},"author":1,"featured_media":0,"parent":0,"menu_order":0,"comment_status":"closed","ping_status":"closed","template":"","meta":{"_acf_changed":false,"footnotes":""},"class_list":["post-4356","page","type-page","status-publish","hentry"],"acf":[],"yoast_head":"<!-- This site is optimized with the Yoast SEO plugin v27.5 - https:\/\/yoast.com\/product\/yoast-seo-wordpress\/ -->\n<title>Conditions g\u00e9n\u00e9rales de vente &#8226; Hoppy Tours<\/title>\n<meta name=\"robots\" content=\"index, follow, max-snippet:-1, max-image-preview:large, max-video-preview:-1\" \/>\n<link rel=\"canonical\" href=\"https:\/\/www.hoppy-tours.com\/fr\/conditions-generales-dutilisation\/\" \/>\n<meta property=\"og:locale\" content=\"fr_FR\" \/>\n<meta property=\"og:type\" content=\"article\" \/>\n<meta property=\"og:title\" content=\"Conditions g\u00e9n\u00e9rales de vente &#8226; Hoppy Tours\" \/>\n<meta property=\"og:description\" content=\"TastXplorers : Tva : BE0721.748.393 Si\u00e8ge social : 8, Sentier de la Bruy\u00e8re, 1461 Ittre These general and special terms and conditions apply to all services marketed by TasteXplorers BVBA. . L&rsquo;acheteur reconna\u00eet avoir \u00e9t\u00e9 inform\u00e9 et avoir accept\u00e9 le fait que TasteXplorers BVBA soit le vendeur r\u00e9alisant cette vente conform\u00e9ment \u00e0 toutes les dispositions [&hellip;]\" \/>\n<meta property=\"og:url\" content=\"https:\/\/www.hoppy-tours.com\/fr\/conditions-generales-dutilisation\/\" \/>\n<meta property=\"og:site_name\" content=\"Hoppy Tours\" \/>\n<meta property=\"article:modified_time\" content=\"2024-08-07T09:40:49+00:00\" \/>\n<meta property=\"og:image\" content=\"https:\/\/www.hoppy-tours.com\/wp-content\/uploads\/2023\/02\/hoppyTour.jpeg\" \/>\n\t<meta property=\"og:image:width\" content=\"880\" \/>\n\t<meta property=\"og:image:height\" content=\"660\" \/>\n\t<meta property=\"og:image:type\" content=\"image\/jpeg\" \/>\n<meta name=\"twitter:card\" content=\"summary_large_image\" \/>\n<meta name=\"twitter:label1\" content=\"Dur\u00e9e de lecture estim\u00e9e\" \/>\n\t<meta name=\"twitter:data1\" content=\"4 minutes\" \/>\n<script type=\"application\/ld+json\" class=\"yoast-schema-graph\">{\"@context\":\"https:\\\/\\\/schema.org\",\"@graph\":[{\"@type\":\"WebPage\",\"@id\":\"https:\\\/\\\/www.hoppy-tours.com\\\/fr\\\/conditions-generales-dutilisation\\\/\",\"url\":\"https:\\\/\\\/www.hoppy-tours.com\\\/fr\\\/conditions-generales-dutilisation\\\/\",\"name\":\"Conditions g\u00e9n\u00e9rales de vente &#8226; Hoppy Tours\",\"isPartOf\":{\"@id\":\"https:\\\/\\\/www.hoppy-tours.com\\\/#website\"},\"datePublished\":\"2023-11-27T21:23:22+00:00\",\"dateModified\":\"2024-08-07T09:40:49+00:00\",\"breadcrumb\":{\"@id\":\"https:\\\/\\\/www.hoppy-tours.com\\\/fr\\\/conditions-generales-dutilisation\\\/#breadcrumb\"},\"inLanguage\":\"fr-FR\",\"potentialAction\":[{\"@type\":\"ReadAction\",\"target\":[\"https:\\\/\\\/www.hoppy-tours.com\\\/fr\\\/conditions-generales-dutilisation\\\/\"]}]},{\"@type\":\"BreadcrumbList\",\"@id\":\"https:\\\/\\\/www.hoppy-tours.com\\\/fr\\\/conditions-generales-dutilisation\\\/#breadcrumb\",\"itemListElement\":[{\"@type\":\"ListItem\",\"position\":1,\"name\":\"Accueil\",\"item\":\"https:\\\/\\\/www.hoppy-tours.com\\\/fr\\\/\"},{\"@type\":\"ListItem\",\"position\":2,\"name\":\"Conditions g\u00e9n\u00e9rales de vente\"}]},{\"@type\":\"WebSite\",\"@id\":\"https:\\\/\\\/www.hoppy-tours.com\\\/#website\",\"url\":\"https:\\\/\\\/www.hoppy-tours.com\\\/\",\"name\":\"Hoppy Tours\",\"description\":\"The tasty trail game\",\"publisher\":{\"@id\":\"https:\\\/\\\/www.hoppy-tours.com\\\/#organization\"},\"potentialAction\":[{\"@type\":\"SearchAction\",\"target\":{\"@type\":\"EntryPoint\",\"urlTemplate\":\"https:\\\/\\\/www.hoppy-tours.com\\\/?s={search_term_string}\"},\"query-input\":{\"@type\":\"PropertyValueSpecification\",\"valueRequired\":true,\"valueName\":\"search_term_string\"}}],\"inLanguage\":\"fr-FR\"},{\"@type\":\"Organization\",\"@id\":\"https:\\\/\\\/www.hoppy-tours.com\\\/#organization\",\"name\":\"Hoppy Tours\",\"url\":\"https:\\\/\\\/www.hoppy-tours.com\\\/\",\"logo\":{\"@type\":\"ImageObject\",\"inLanguage\":\"fr-FR\",\"@id\":\"https:\\\/\\\/www.hoppy-tours.com\\\/#\\\/schema\\\/logo\\\/image\\\/\",\"url\":\"https:\\\/\\\/www.hoppy-tours.com\\\/wp-content\\\/uploads\\\/2023\\\/03\\\/cropped-hoppy-192x192-1.png\",\"contentUrl\":\"https:\\\/\\\/www.hoppy-tours.com\\\/wp-content\\\/uploads\\\/2023\\\/03\\\/cropped-hoppy-192x192-1.png\",\"width\":192,\"height\":192,\"caption\":\"Hoppy Tours\"},\"image\":{\"@id\":\"https:\\\/\\\/www.hoppy-tours.com\\\/#\\\/schema\\\/logo\\\/image\\\/\"}}]}<\/script>\n<!-- \/ Yoast SEO plugin. -->","yoast_head_json":{"title":"Conditions g\u00e9n\u00e9rales de vente &#8226; Hoppy Tours","robots":{"index":"index","follow":"follow","max-snippet":"max-snippet:-1","max-image-preview":"max-image-preview:large","max-video-preview":"max-video-preview:-1"},"canonical":"https:\/\/www.hoppy-tours.com\/fr\/conditions-generales-dutilisation\/","og_locale":"fr_FR","og_type":"article","og_title":"Conditions g\u00e9n\u00e9rales de vente &#8226; Hoppy Tours","og_description":"TastXplorers : Tva : BE0721.748.393 Si\u00e8ge social : 8, Sentier de la Bruy\u00e8re, 1461 Ittre These general and special terms and conditions apply to all services marketed by TasteXplorers BVBA. . L&rsquo;acheteur reconna\u00eet avoir \u00e9t\u00e9 inform\u00e9 et avoir accept\u00e9 le fait que TasteXplorers BVBA soit le vendeur r\u00e9alisant cette vente conform\u00e9ment \u00e0 toutes les dispositions [&hellip;]","og_url":"https:\/\/www.hoppy-tours.com\/fr\/conditions-generales-dutilisation\/","og_site_name":"Hoppy Tours","article_modified_time":"2024-08-07T09:40:49+00:00","og_image":[{"width":880,"height":660,"url":"https:\/\/www.hoppy-tours.com\/wp-content\/uploads\/2023\/02\/hoppyTour.jpeg","type":"image\/jpeg"}],"twitter_card":"summary_large_image","twitter_misc":{"Dur\u00e9e de lecture estim\u00e9e":"4 minutes"},"schema":{"@context":"https:\/\/schema.org","@graph":[{"@type":"WebPage","@id":"https:\/\/www.hoppy-tours.com\/fr\/conditions-generales-dutilisation\/","url":"https:\/\/www.hoppy-tours.com\/fr\/conditions-generales-dutilisation\/","name":"Conditions g\u00e9n\u00e9rales de vente &#8226; Hoppy Tours","isPartOf":{"@id":"https:\/\/www.hoppy-tours.com\/#website"},"datePublished":"2023-11-27T21:23:22+00:00","dateModified":"2024-08-07T09:40:49+00:00","breadcrumb":{"@id":"https:\/\/www.hoppy-tours.com\/fr\/conditions-generales-dutilisation\/#breadcrumb"},"inLanguage":"fr-FR","potentialAction":[{"@type":"ReadAction","target":["https:\/\/www.hoppy-tours.com\/fr\/conditions-generales-dutilisation\/"]}]},{"@type":"BreadcrumbList","@id":"https:\/\/www.hoppy-tours.com\/fr\/conditions-generales-dutilisation\/#breadcrumb","itemListElement":[{"@type":"ListItem","position":1,"name":"Accueil","item":"https:\/\/www.hoppy-tours.com\/fr\/"},{"@type":"ListItem","position":2,"name":"Conditions g\u00e9n\u00e9rales de vente"}]},{"@type":"WebSite","@id":"https:\/\/www.hoppy-tours.com\/#website","url":"https:\/\/www.hoppy-tours.com\/","name":"Hoppy Tours","description":"The tasty trail game","publisher":{"@id":"https:\/\/www.hoppy-tours.com\/#organization"},"potentialAction":[{"@type":"SearchAction","target":{"@type":"EntryPoint","urlTemplate":"https:\/\/www.hoppy-tours.com\/?s={search_term_string}"},"query-input":{"@type":"PropertyValueSpecification","valueRequired":true,"valueName":"search_term_string"}}],"inLanguage":"fr-FR"},{"@type":"Organization","@id":"https:\/\/www.hoppy-tours.com\/#organization","name":"Hoppy Tours","url":"https:\/\/www.hoppy-tours.com\/","logo":{"@type":"ImageObject","inLanguage":"fr-FR","@id":"https:\/\/www.hoppy-tours.com\/#\/schema\/logo\/image\/","url":"https:\/\/www.hoppy-tours.com\/wp-content\/uploads\/2023\/03\/cropped-hoppy-192x192-1.png","contentUrl":"https:\/\/www.hoppy-tours.com\/wp-content\/uploads\/2023\/03\/cropped-hoppy-192x192-1.png","width":192,"height":192,"caption":"Hoppy Tours"},"image":{"@id":"https:\/\/www.hoppy-tours.com\/#\/schema\/logo\/image\/"}}]}},"_links":{"self":[{"href":"https:\/\/www.hoppy-tours.com\/fr\/wp-json\/wp\/v2\/pages\/4356","targetHints":{"allow":["GET"]}}],"collection":[{"href":"https:\/\/www.hoppy-tours.com\/fr\/wp-json\/wp\/v2\/pages"}],"about":[{"href":"https:\/\/www.hoppy-tours.com\/fr\/wp-json\/wp\/v2\/types\/page"}],"author":[{"embeddable":true,"href":"https:\/\/www.hoppy-tours.com\/fr\/wp-json\/wp\/v2\/users\/1"}],"replies":[{"embeddable":true,"href":"https:\/\/www.hoppy-tours.com\/fr\/wp-json\/wp\/v2\/comments?post=4356"}],"version-history":[{"count":4,"href":"https:\/\/www.hoppy-tours.com\/fr\/wp-json\/wp\/v2\/pages\/4356\/revisions"}],"predecessor-version":[{"id":4939,"href":"https:\/\/www.hoppy-tours.com\/fr\/wp-json\/wp\/v2\/pages\/4356\/revisions\/4939"}],"wp:attachment":[{"href":"https:\/\/www.hoppy-tours.com\/fr\/wp-json\/wp\/v2\/media?parent=4356"}],"curies":[{"name":"wp","href":"https:\/\/api.w.org\/{rel}","templated":true}]}}