


{"id":5228,"date":"2025-03-25T13:23:36","date_gmt":"2025-03-25T12:23:36","guid":{"rendered":"https:\/\/dev.hoppy-tours.com\/?page_id=5228"},"modified":"2025-06-02T14:52:57","modified_gmt":"2025-06-02T12:52:57","slug":"le-projet-hoppy-tours","status":"publish","type":"page","link":"https:\/\/www.hoppy-tours.com\/fr\/le-projet-hoppy-tours\/","title":{"rendered":"Le projet Hoppy Tours"},"content":{"rendered":"\n<div class=\"wp-block-columns is-layout-flex wp-container-core-columns-is-layout-9d6595d7 wp-block-columns-is-layout-flex\">\n<div class=\"wp-block-column is-layout-flow wp-block-column-is-layout-flow\">\n<figure class=\"wp-block-image size-large\"><img decoding=\"async\" src=\"https:\/\/www.hoppy-tours.com\/wp-content\/uploads\/2025\/03\/team-1024x1024.jpg\" alt=\"\" class=\"wp-image-5238\"\/><\/figure>\n<\/div>\n\n\n\n<div class=\"wp-block-column my-auto is-layout-flow wp-block-column-is-layout-flow\">\n<h2 class=\"wp-block-heading\">\u00c0 la d\u00e9couverte des bi\u00e8res belges avec un jeu unique !<\/h2>\n\n\n\n<p>Trois amis d&rsquo;enfance, Bruxellois passionn\u00e9s par leur ville et son riche patrimoine brassicole, ont imagin\u00e9 une exp\u00e9rience unique pour explorer Bruxelles autrement. Alliant jeu d&rsquo;\u00e9nigmes et plaisir de la d\u00e9gustation, ils ont con\u00e7u un parcours immersif qui invite les participants \u00e0 d\u00e9couvrir le centre historique de la capitale tout en savourant des bi\u00e8res belges.<\/p>\n\n\n\n<h2 class=\"wp-block-heading\">Un concept inspir\u00e9 des escape games<\/h2>\n\n\n\n<p>Pendant pr\u00e8s d\u2019un an, ces passionn\u00e9s ont sillonn\u00e9 les rues bruxelloises \u00e0 la recherche du trac\u00e9 id\u00e9al. Leur objectif ? Cr\u00e9er un jeu accessible \u00e0 tous, 7 jours sur 7, de jour comme de nuit, permettant d\u2019explorer l\u2019Ilot Sacr\u00e9 sous un angle ludique et original.<\/p>\n\n\n\n<h2 class=\"wp-block-heading\"><strong>Un parcours \u00e9tape par \u00e9tape<\/strong><\/h2>\n\n\n\n<p>Trois bars soigneusement s\u00e9lectionn\u00e9s pour leur charme, leur histoire et leur ambiance accueillent les participants tout au long de l\u2019aventure. Le principe est simple : en \u00e9quipe de 2 \u00e0 5 personnes, les joueurs re\u00e7oivent un carnet de route lors du point de rendez-vous (divulgu\u00e9 uniquement lors de la r\u00e9servation). Ce carnet leur fournit des cartes et des indications, des anecdotes historiques ainsi que des \u00e9nigmes \u00e0 r\u00e9soudre pour progresser d\u2019une \u00e9tape \u00e0 l\u2019autre.<\/p>\n<\/div>\n<\/div>\n\n\n\n<div class=\"wp-block-columns is-layout-flex wp-container-core-columns-is-layout-9d6595d7 wp-block-columns-is-layout-flex\">\n<div class=\"wp-block-column my-auto is-layout-flow wp-block-column-is-layout-flow\">\n<p><strong>Des \u00ab\u00a0Hoppy coins\u00a0\u00bb pour d\u00e9guster des bi\u00e8res belges<\/strong><\/p>\n\n\n\n<p>Chaque \u00e9tape permet aux joueurs d\u2019utiliser leurs \u00ab\u00a0Hoppy coins\u00a0\u00bb pour savourer une bi\u00e8re belge (ou un soft drink). La dur\u00e9e du jeu ? Entre 3 et 4 heures, en fonction du temps pass\u00e9 dans chaque bar ! Seule contrainte : respecter les horaires d\u2019ouverture des \u00e9tablissements partenaires.<\/p>\n\n\n\n<h2 class=\"wp-block-heading\"><strong>De nouvelles aventures en pr\u00e9paration<\/strong><\/h2>\n\n\n\n<p>Ce concept original, qui m\u00eale strat\u00e9gie, culture et d\u00e9gustation, ne s\u2019arr\u00eate pas l\u00e0. D\u2019autres parcours sont d\u00e9j\u00e0 en cours de cr\u00e9ation pour continuer \u00e0 surprendre et ravir les amateurs de bi\u00e8res et de d\u00e9couvertes insolites.<\/p>\n\n\n\n<p>Une exp\u00e9rience id\u00e9ale pour les \u00ab\u00a0chasseurs de houblon\u00a0\u00bb en qu\u00eate d\u2019aventure et de convivialit\u00e9&nbsp;<\/p>\n<\/div>\n\n\n\n<div class=\"wp-block-column is-layout-flow wp-block-column-is-layout-flow\">\n<figure class=\"wp-block-image size-large\"><img loading=\"lazy\" decoding=\"async\" width=\"1024\" height=\"1024\" src=\"https:\/\/www.hoppy-tours.com\/wp-content\/uploads\/2025\/03\/hoppy-coins-1024x1024.jpg\" alt=\"\" class=\"wp-image-5241\" srcset=\"https:\/\/www.hoppy-tours.com\/wp-content\/uploads\/2025\/03\/hoppy-coins-1024x1024.jpg 1024w, https:\/\/www.hoppy-tours.com\/wp-content\/uploads\/2025\/03\/hoppy-coins-300x300.jpg 300w, https:\/\/www.hoppy-tours.com\/wp-content\/uploads\/2025\/03\/hoppy-coins-150x150.jpg 150w, https:\/\/www.hoppy-tours.com\/wp-content\/uploads\/2025\/03\/hoppy-coins-768x768.jpg 768w, https:\/\/www.hoppy-tours.com\/wp-content\/uploads\/2025\/03\/hoppy-coins-600x600.jpg 600w, https:\/\/www.hoppy-tours.com\/wp-content\/uploads\/2025\/03\/hoppy-coins-100x100.jpg 100w, https:\/\/www.hoppy-tours.com\/wp-content\/uploads\/2025\/03\/hoppy-coins.jpg 1200w\" sizes=\"auto, (max-width: 1024px) 100vw, 1024px\" \/><\/figure>\n<\/div>\n<\/div>\n","protected":false},"excerpt":{"rendered":"<p>\u00c0 la d\u00e9couverte des bi\u00e8res belges avec un jeu unique ! Trois amis d&rsquo;enfance, Bruxellois passionn\u00e9s par leur ville et son riche patrimoine brassicole, ont imagin\u00e9 une exp\u00e9rience unique pour explorer Bruxelles autrement. Alliant jeu d&rsquo;\u00e9nigmes et plaisir de la d\u00e9gustation, ils ont con\u00e7u un parcours immersif qui invite les participants \u00e0 d\u00e9couvrir le centre [&hellip;]<\/p>\n","protected":false},"author":1,"featured_media":0,"parent":0,"menu_order":0,"comment_status":"closed","ping_status":"closed","template":"templates\/template-defaut.php","meta":{"_acf_changed":false,"footnotes":""},"class_list":["post-5228","page","type-page","status-publish","hentry"],"acf":[],"yoast_head":"<!-- This site is optimized with the Yoast SEO plugin v27.5 - https:\/\/yoast.com\/product\/yoast-seo-wordpress\/ -->\n<title>Le projet Hoppy Tours &#8226; Hoppy Tours<\/title>\n<meta name=\"robots\" content=\"index, follow, max-snippet:-1, max-image-preview:large, max-video-preview:-1\" \/>\n<link rel=\"canonical\" href=\"https:\/\/www.hoppy-tours.com\/the-hoppy-tours-project\/\" \/>\n<meta property=\"og:locale\" content=\"fr_FR\" \/>\n<meta property=\"og:type\" content=\"article\" \/>\n<meta property=\"og:title\" content=\"Le projet Hoppy Tours &#8226; Hoppy Tours\" \/>\n<meta property=\"og:description\" content=\"\u00c0 la d\u00e9couverte des bi\u00e8res belges avec un jeu unique ! Trois amis d&rsquo;enfance, Bruxellois passionn\u00e9s par leur ville et son riche patrimoine brassicole, ont imagin\u00e9 une exp\u00e9rience unique pour explorer Bruxelles autrement. Alliant jeu d&rsquo;\u00e9nigmes et plaisir de la d\u00e9gustation, ils ont con\u00e7u un parcours immersif qui invite les participants \u00e0 d\u00e9couvrir le centre [&hellip;]\" \/>\n<meta property=\"og:url\" content=\"https:\/\/www.hoppy-tours.com\/the-hoppy-tours-project\/\" \/>\n<meta property=\"og:site_name\" content=\"Hoppy Tours\" \/>\n<meta property=\"article:modified_time\" content=\"2025-06-02T12:52:57+00:00\" \/>\n<meta property=\"og:image\" content=\"https:\/\/www.hoppy-tours.com\/wp-content\/uploads\/2023\/02\/hoppyTour.jpeg\" \/>\n\t<meta property=\"og:image:width\" content=\"880\" \/>\n\t<meta property=\"og:image:height\" content=\"660\" \/>\n\t<meta property=\"og:image:type\" content=\"image\/jpeg\" \/>\n<meta name=\"twitter:card\" content=\"summary_large_image\" \/>\n<meta name=\"twitter:label1\" content=\"Dur\u00e9e de lecture estim\u00e9e\" \/>\n\t<meta name=\"twitter:data1\" content=\"2 minutes\" \/>\n<script type=\"application\/ld+json\" class=\"yoast-schema-graph\">{\"@context\":\"https:\\\/\\\/schema.org\",\"@graph\":[{\"@type\":\"WebPage\",\"@id\":\"https:\\\/\\\/www.hoppy-tours.com\\\/the-hoppy-tours-project\\\/\",\"url\":\"https:\\\/\\\/www.hoppy-tours.com\\\/the-hoppy-tours-project\\\/\",\"name\":\"Le projet Hoppy Tours &#8226; Hoppy Tours\",\"isPartOf\":{\"@id\":\"https:\\\/\\\/www.hoppy-tours.com\\\/#website\"},\"primaryImageOfPage\":{\"@id\":\"https:\\\/\\\/www.hoppy-tours.com\\\/the-hoppy-tours-project\\\/#primaryimage\"},\"image\":{\"@id\":\"https:\\\/\\\/www.hoppy-tours.com\\\/the-hoppy-tours-project\\\/#primaryimage\"},\"thumbnailUrl\":\"https:\\\/\\\/www.hoppy-tours.com\\\/wp-content\\\/uploads\\\/2025\\\/03\\\/team-1024x1024.jpg\",\"datePublished\":\"2025-03-25T12:23:36+00:00\",\"dateModified\":\"2025-06-02T12:52:57+00:00\",\"breadcrumb\":{\"@id\":\"https:\\\/\\\/www.hoppy-tours.com\\\/the-hoppy-tours-project\\\/#breadcrumb\"},\"inLanguage\":\"fr-FR\",\"potentialAction\":[{\"@type\":\"ReadAction\",\"target\":[\"https:\\\/\\\/www.hoppy-tours.com\\\/the-hoppy-tours-project\\\/\"]}]},{\"@type\":\"ImageObject\",\"inLanguage\":\"fr-FR\",\"@id\":\"https:\\\/\\\/www.hoppy-tours.com\\\/the-hoppy-tours-project\\\/#primaryimage\",\"url\":\"https:\\\/\\\/www.hoppy-tours.com\\\/wp-content\\\/uploads\\\/2025\\\/03\\\/team-1024x1024.jpg\",\"contentUrl\":\"https:\\\/\\\/www.hoppy-tours.com\\\/wp-content\\\/uploads\\\/2025\\\/03\\\/team-1024x1024.jpg\"},{\"@type\":\"BreadcrumbList\",\"@id\":\"https:\\\/\\\/www.hoppy-tours.com\\\/the-hoppy-tours-project\\\/#breadcrumb\",\"itemListElement\":[{\"@type\":\"ListItem\",\"position\":1,\"name\":\"Accueil\",\"item\":\"https:\\\/\\\/www.hoppy-tours.com\\\/fr\\\/\"},{\"@type\":\"ListItem\",\"position\":2,\"name\":\"Le projet Hoppy Tours\"}]},{\"@type\":\"WebSite\",\"@id\":\"https:\\\/\\\/www.hoppy-tours.com\\\/#website\",\"url\":\"https:\\\/\\\/www.hoppy-tours.com\\\/\",\"name\":\"Hoppy Tours\",\"description\":\"The tasty trail game\",\"publisher\":{\"@id\":\"https:\\\/\\\/www.hoppy-tours.com\\\/#organization\"},\"potentialAction\":[{\"@type\":\"SearchAction\",\"target\":{\"@type\":\"EntryPoint\",\"urlTemplate\":\"https:\\\/\\\/www.hoppy-tours.com\\\/?s={search_term_string}\"},\"query-input\":{\"@type\":\"PropertyValueSpecification\",\"valueRequired\":true,\"valueName\":\"search_term_string\"}}],\"inLanguage\":\"fr-FR\"},{\"@type\":\"Organization\",\"@id\":\"https:\\\/\\\/www.hoppy-tours.com\\\/#organization\",\"name\":\"Hoppy Tours\",\"url\":\"https:\\\/\\\/www.hoppy-tours.com\\\/\",\"logo\":{\"@type\":\"ImageObject\",\"inLanguage\":\"fr-FR\",\"@id\":\"https:\\\/\\\/www.hoppy-tours.com\\\/#\\\/schema\\\/logo\\\/image\\\/\",\"url\":\"https:\\\/\\\/www.hoppy-tours.com\\\/wp-content\\\/uploads\\\/2023\\\/03\\\/cropped-hoppy-192x192-1.png\",\"contentUrl\":\"https:\\\/\\\/www.hoppy-tours.com\\\/wp-content\\\/uploads\\\/2023\\\/03\\\/cropped-hoppy-192x192-1.png\",\"width\":192,\"height\":192,\"caption\":\"Hoppy Tours\"},\"image\":{\"@id\":\"https:\\\/\\\/www.hoppy-tours.com\\\/#\\\/schema\\\/logo\\\/image\\\/\"}}]}<\/script>\n<!-- \/ Yoast SEO plugin. -->","yoast_head_json":{"title":"Le projet Hoppy Tours &#8226; Hoppy Tours","robots":{"index":"index","follow":"follow","max-snippet":"max-snippet:-1","max-image-preview":"max-image-preview:large","max-video-preview":"max-video-preview:-1"},"canonical":"https:\/\/www.hoppy-tours.com\/the-hoppy-tours-project\/","og_locale":"fr_FR","og_type":"article","og_title":"Le projet Hoppy Tours &#8226; Hoppy Tours","og_description":"\u00c0 la d\u00e9couverte des bi\u00e8res belges avec un jeu unique ! Trois amis d&rsquo;enfance, Bruxellois passionn\u00e9s par leur ville et son riche patrimoine brassicole, ont imagin\u00e9 une exp\u00e9rience unique pour explorer Bruxelles autrement. Alliant jeu d&rsquo;\u00e9nigmes et plaisir de la d\u00e9gustation, ils ont con\u00e7u un parcours immersif qui invite les participants \u00e0 d\u00e9couvrir le centre [&hellip;]","og_url":"https:\/\/www.hoppy-tours.com\/the-hoppy-tours-project\/","og_site_name":"Hoppy Tours","article_modified_time":"2025-06-02T12:52:57+00:00","og_image":[{"width":880,"height":660,"url":"https:\/\/www.hoppy-tours.com\/wp-content\/uploads\/2023\/02\/hoppyTour.jpeg","type":"image\/jpeg"}],"twitter_card":"summary_large_image","twitter_misc":{"Dur\u00e9e de lecture estim\u00e9e":"2 minutes"},"schema":{"@context":"https:\/\/schema.org","@graph":[{"@type":"WebPage","@id":"https:\/\/www.hoppy-tours.com\/the-hoppy-tours-project\/","url":"https:\/\/www.hoppy-tours.com\/the-hoppy-tours-project\/","name":"Le projet Hoppy Tours &#8226; Hoppy Tours","isPartOf":{"@id":"https:\/\/www.hoppy-tours.com\/#website"},"primaryImageOfPage":{"@id":"https:\/\/www.hoppy-tours.com\/the-hoppy-tours-project\/#primaryimage"},"image":{"@id":"https:\/\/www.hoppy-tours.com\/the-hoppy-tours-project\/#primaryimage"},"thumbnailUrl":"https:\/\/www.hoppy-tours.com\/wp-content\/uploads\/2025\/03\/team-1024x1024.jpg","datePublished":"2025-03-25T12:23:36+00:00","dateModified":"2025-06-02T12:52:57+00:00","breadcrumb":{"@id":"https:\/\/www.hoppy-tours.com\/the-hoppy-tours-project\/#breadcrumb"},"inLanguage":"fr-FR","potentialAction":[{"@type":"ReadAction","target":["https:\/\/www.hoppy-tours.com\/the-hoppy-tours-project\/"]}]},{"@type":"ImageObject","inLanguage":"fr-FR","@id":"https:\/\/www.hoppy-tours.com\/the-hoppy-tours-project\/#primaryimage","url":"https:\/\/www.hoppy-tours.com\/wp-content\/uploads\/2025\/03\/team-1024x1024.jpg","contentUrl":"https:\/\/www.hoppy-tours.com\/wp-content\/uploads\/2025\/03\/team-1024x1024.jpg"},{"@type":"BreadcrumbList","@id":"https:\/\/www.hoppy-tours.com\/the-hoppy-tours-project\/#breadcrumb","itemListElement":[{"@type":"ListItem","position":1,"name":"Accueil","item":"https:\/\/www.hoppy-tours.com\/fr\/"},{"@type":"ListItem","position":2,"name":"Le projet Hoppy Tours"}]},{"@type":"WebSite","@id":"https:\/\/www.hoppy-tours.com\/#website","url":"https:\/\/www.hoppy-tours.com\/","name":"Hoppy Tours","description":"The tasty trail game","publisher":{"@id":"https:\/\/www.hoppy-tours.com\/#organization"},"potentialAction":[{"@type":"SearchAction","target":{"@type":"EntryPoint","urlTemplate":"https:\/\/www.hoppy-tours.com\/?s={search_term_string}"},"query-input":{"@type":"PropertyValueSpecification","valueRequired":true,"valueName":"search_term_string"}}],"inLanguage":"fr-FR"},{"@type":"Organization","@id":"https:\/\/www.hoppy-tours.com\/#organization","name":"Hoppy Tours","url":"https:\/\/www.hoppy-tours.com\/","logo":{"@type":"ImageObject","inLanguage":"fr-FR","@id":"https:\/\/www.hoppy-tours.com\/#\/schema\/logo\/image\/","url":"https:\/\/www.hoppy-tours.com\/wp-content\/uploads\/2023\/03\/cropped-hoppy-192x192-1.png","contentUrl":"https:\/\/www.hoppy-tours.com\/wp-content\/uploads\/2023\/03\/cropped-hoppy-192x192-1.png","width":192,"height":192,"caption":"Hoppy Tours"},"image":{"@id":"https:\/\/www.hoppy-tours.com\/#\/schema\/logo\/image\/"}}]}},"_links":{"self":[{"href":"https:\/\/www.hoppy-tours.com\/fr\/wp-json\/wp\/v2\/pages\/5228","targetHints":{"allow":["GET"]}}],"collection":[{"href":"https:\/\/www.hoppy-tours.com\/fr\/wp-json\/wp\/v2\/pages"}],"about":[{"href":"https:\/\/www.hoppy-tours.com\/fr\/wp-json\/wp\/v2\/types\/page"}],"author":[{"embeddable":true,"href":"https:\/\/www.hoppy-tours.com\/fr\/wp-json\/wp\/v2\/users\/1"}],"replies":[{"embeddable":true,"href":"https:\/\/www.hoppy-tours.com\/fr\/wp-json\/wp\/v2\/comments?post=5228"}],"version-history":[{"count":1,"href":"https:\/\/www.hoppy-tours.com\/fr\/wp-json\/wp\/v2\/pages\/5228\/revisions"}],"predecessor-version":[{"id":5337,"href":"https:\/\/www.hoppy-tours.com\/fr\/wp-json\/wp\/v2\/pages\/5228\/revisions\/5337"}],"wp:attachment":[{"href":"https:\/\/www.hoppy-tours.com\/fr\/wp-json\/wp\/v2\/media?parent=5228"}],"curies":[{"name":"wp","href":"https:\/\/api.w.org\/{rel}","templated":true}]}}