


{"id":90,"date":"2023-02-22T13:46:00","date_gmt":"2023-02-22T13:46:00","guid":{"rendered":"https:\/\/www.hoppy-tours.com\/accueil\/"},"modified":"2026-01-12T15:55:47","modified_gmt":"2026-01-12T14:55:47","slug":"accueil","status":"publish","type":"page","link":"https:\/\/www.hoppy-tours.com\/fr\/","title":{"rendered":"Accueil"},"content":{"rendered":"\n<div class=\"wp-block-group bg-home\"><div class=\"wp-block-group__inner-container is-layout-constrained wp-block-group-is-layout-constrained\">\n<div class=\"wp-block-group txt-home bg-light bg-opacity-75\"><div class=\"wp-block-group__inner-container is-layout-constrained wp-block-group-is-layout-constrained\">\n<h2 class=\"wp-block-heading has-text-align-center\">The Brussel Beer hunting adventure<\/h2>\n\n\n\n<p class=\"has-text-align-center\">Envie de (re)d\u00e9couvrir Bruxelles de mani\u00e8re originale et ludique ? Notre\u00a0Hoppy-Tour est id\u00e9al pour les familles (gratuit jusqu&rsquo;\u00e0 18 ans accompagn\u00e9 d&rsquo;un adulte), les teambuildings, les sorties entre amis ou les enterrements de vie de gar\u00e7on ou de vie de jeune fille. Il y a toujours une bonne raison de faire un\u00a0Hoppy-Tour.<\/p>\n\n\n\n<div class=\"wp-block-columns mt-5 is-layout-flex wp-container-core-columns-is-layout-9d6595d7 wp-block-columns-is-layout-flex\">\n<div class=\"wp-block-column is-layout-flow wp-block-column-is-layout-flow\">\n<div class=\"wp-block-buttons is-layout-flex wp-block-buttons-is-layout-flex\">\n<div class=\"wp-block-button cta ctaGreen mt-5\"><a class=\"wp-block-button__link wp-element-button\" href=\"\/fr\/produit\/hurry-hoppy-tour-3h-fr\/\">Tarifs &amp; R\u00e9servations<\/a><\/div>\n<\/div>\n<\/div>\n\n\n\n<div class=\"wp-block-column is-layout-flow wp-block-column-is-layout-flow\">\n<div class=\"wp-block-buttons is-layout-flex wp-block-buttons-is-layout-flex\">\n<div class=\"wp-block-button cta ctaYellow  mt-5\"><a class=\"wp-block-button__link wp-element-button\" href=\"\/fr\/teambuilding\/\">Teambuilding<\/a><\/div>\n<\/div>\n<\/div>\n\n\n\n<div class=\"wp-block-column is-layout-flow wp-block-column-is-layout-flow\">\n<div class=\"wp-block-buttons is-layout-flex wp-block-buttons-is-layout-flex\">\n<div class=\"wp-block-button cta ctaGreen  mt-5\"><a class=\"wp-block-button__link wp-element-button\" href=\"\/fr\/produit\/hoppy-gift\/\">Hoppy gift<\/a><\/div>\n<\/div>\n<\/div>\n<\/div>\n<\/div><\/div>\n<\/div><\/div>\n\n\n\n<div class=\"wp-block-group youtube-box my-5\"><div class=\"wp-block-group__inner-container is-layout-constrained wp-block-group-is-layout-constrained\">\n<div class=\"wp-block-group youtube-box-item\"><div class=\"wp-block-group__inner-container is-layout-constrained wp-block-group-is-layout-constrained\">\n<iframe style=\"position: absolute; top: 0; left: 0; right: 0; width: 100%; height: 100%; border: none;\" src=\"https:\/\/www.youtube.com\/embed\/6RPJ9-Pq-mk?si=C07F2iRKT_nLy-nZ\" title=\"YouTube video player\" frameborder=\"0\" allow=\"accelerometer; autoplay; clipboard-write; encrypted-media; gyroscope; picture-in-picture; web-share\" referrerpolicy=\"strict-origin-when-cross-origin\" allowfullscreen><\/iframe>\n<\/div><\/div>\n<\/div><\/div>\n\n\n\n<div class=\"wp-block-group container\"><div class=\"wp-block-group__inner-container is-layout-constrained wp-block-group-is-layout-constrained\">\n<h2 class=\"wp-block-heading has-text-align-center\">Pr\u00eat \u00e0 chasser le houblon?<\/h2>\n\n\n\n<p class=\"has-text-align-center\">Notre jeu de piste gustatif vous fera d\u00e9couvrir les monuments, l\u2019histoire et les anecdotes de Bruxelles de mani\u00e8re ludique. R\u00e9flexion, orientation et esprit d\u2019\u00e9quipe vous seront n\u00e9cessaire pour d\u00e9chiffrer les \u00e9nigmes qui vous m\u00e8neront aux bars, o\u00f9 vous d\u00e9gusterez une bi\u00e8re belge.<\/p>\n\n\n\n<div style=\"height:35px\" aria-hidden=\"true\" class=\"wp-block-spacer\"><\/div>\n\n\n\n<div class=\"wp-block-columns is-layout-flex wp-container-core-columns-is-layout-9d6595d7 wp-block-columns-is-layout-flex\">\n<div class=\"wp-block-column is-layout-flow wp-block-column-is-layout-flow\"><div class=\"wp-block-image\">\n<figure class=\"aligncenter size-full\"><img loading=\"lazy\" decoding=\"async\" width=\"100\" height=\"100\" src=\"https:\/\/www.hoppy-tours.com\/wp-content\/uploads\/2023\/03\/teamspirit-1.png\" alt=\"\" class=\"wp-image-144\"\/><\/figure>\n<\/div>\n\n\n<div style=\"height:20px\" aria-hidden=\"true\" class=\"wp-block-spacer\"><\/div>\n\n\n\n<h3 class=\"wp-block-heading has-text-align-center\">Esprit d&rsquo;\u00e9quipe<\/h3>\n<\/div>\n\n\n\n<div class=\"wp-block-column is-layout-flow wp-block-column-is-layout-flow\"><div class=\"wp-block-image\">\n<figure class=\"aligncenter size-full\"><img loading=\"lazy\" decoding=\"async\" width=\"100\" height=\"100\" src=\"https:\/\/www.hoppy-tours.com\/wp-content\/uploads\/2023\/03\/reflexion.jpeg\" alt=\"\" class=\"wp-image-147\"\/><\/figure>\n<\/div>\n\n\n<div style=\"height:20px\" aria-hidden=\"true\" class=\"wp-block-spacer\"><\/div>\n\n\n\n<h3 class=\"wp-block-heading has-text-align-center\">Reflexion,<br>Orientation<\/h3>\n<\/div>\n\n\n\n<div class=\"wp-block-column is-layout-flow wp-block-column-is-layout-flow\"><div class=\"wp-block-image\">\n<figure class=\"aligncenter size-full\"><img loading=\"lazy\" decoding=\"async\" width=\"100\" height=\"100\" src=\"https:\/\/www.hoppy-tours.com\/wp-content\/uploads\/2023\/03\/tasting.png\" alt=\"\" class=\"wp-image-150\"\/><\/figure>\n<\/div>\n\n\n<div style=\"height:20px\" aria-hidden=\"true\" class=\"wp-block-spacer\"><\/div>\n\n\n\n<h3 class=\"wp-block-heading has-text-align-center\">D\u00e9gustation<\/h3>\n<\/div>\n<\/div>\n<\/div><\/div>\n","protected":false},"excerpt":{"rendered":"<p>The Brussel Beer hunting adventure Envie de (re)d\u00e9couvrir Bruxelles de mani\u00e8re originale et ludique ? Notre\u00a0Hoppy-Tour est id\u00e9al pour les familles (gratuit jusqu&rsquo;\u00e0 18 ans accompagn\u00e9 d&rsquo;un adulte), les teambuildings, les sorties entre amis ou les enterrements de vie de gar\u00e7on ou de vie de jeune fille. Il y a toujours une bonne raison de [&hellip;]<\/p>\n","protected":false},"author":1,"featured_media":0,"parent":0,"menu_order":0,"comment_status":"closed","ping_status":"closed","template":"","meta":{"_acf_changed":false,"footnotes":""},"class_list":["post-90","page","type-page","status-publish","hentry"],"acf":[],"yoast_head":"<!-- This site is optimized with the Yoast SEO plugin v27.4 - https:\/\/yoast.com\/product\/yoast-seo-wordpress\/ -->\n<title>Le jeu de piste gustatif &#8226; Hoppy Tours<\/title>\n<meta name=\"description\" content=\"Envie de decouvrir une ville autrement? Avec Hoppy-Tours faites preuve d&#039;un esprit d&#039;\u00e9quipe, d&#039;orientation et de r\u00e9flection pour pouvoir d\u00e9guster vos 4 bi\u00e8res\" \/>\n<meta name=\"robots\" content=\"index, follow, max-snippet:-1, max-image-preview:large, max-video-preview:-1\" \/>\n<link rel=\"canonical\" href=\"https:\/\/www.hoppy-tours.com\/fr\/\" \/>\n<meta property=\"og:locale\" content=\"fr_FR\" \/>\n<meta property=\"og:type\" content=\"article\" \/>\n<meta property=\"og:title\" content=\"Le jeu de piste gustatif &#8226; Hoppy Tours\" \/>\n<meta property=\"og:description\" content=\"Envie de decouvrir une ville autrement? Avec Hoppy-Tours faites preuve d&#039;un esprit d&#039;\u00e9quipe, d&#039;orientation et de r\u00e9flection pour pouvoir d\u00e9guster vos 4 bi\u00e8res\" \/>\n<meta property=\"og:url\" content=\"https:\/\/www.hoppy-tours.com\/fr\/\" \/>\n<meta property=\"og:site_name\" content=\"Hoppy Tours\" \/>\n<meta property=\"article:modified_time\" content=\"2026-01-12T14:55:47+00:00\" \/>\n<meta property=\"og:image\" content=\"https:\/\/www.hoppy-tours.com\/wp-content\/uploads\/2023\/03\/teamspirit-1.png\" \/>\n\t<meta property=\"og:image:width\" content=\"100\" \/>\n\t<meta property=\"og:image:height\" content=\"100\" \/>\n\t<meta property=\"og:image:type\" content=\"image\/png\" \/>\n<meta name=\"twitter:card\" content=\"summary_large_image\" \/>\n<meta name=\"twitter:label1\" content=\"Dur\u00e9e de lecture estim\u00e9e\" \/>\n\t<meta name=\"twitter:data1\" content=\"2 minutes\" \/>\n<script type=\"application\/ld+json\" class=\"yoast-schema-graph\">{\"@context\":\"https:\\\/\\\/schema.org\",\"@graph\":[{\"@type\":\"WebPage\",\"@id\":\"https:\\\/\\\/www.hoppy-tours.com\\\/fr\\\/\",\"url\":\"https:\\\/\\\/www.hoppy-tours.com\\\/fr\\\/\",\"name\":\"Le jeu de piste gustatif &#8226; Hoppy Tours\",\"isPartOf\":{\"@id\":\"https:\\\/\\\/www.hoppy-tours.com\\\/#website\"},\"primaryImageOfPage\":{\"@id\":\"https:\\\/\\\/www.hoppy-tours.com\\\/fr\\\/#primaryimage\"},\"image\":{\"@id\":\"https:\\\/\\\/www.hoppy-tours.com\\\/fr\\\/#primaryimage\"},\"thumbnailUrl\":\"https:\\\/\\\/www.hoppy-tours.com\\\/wp-content\\\/uploads\\\/2023\\\/03\\\/teamspirit-1.png\",\"datePublished\":\"2023-02-22T13:46:00+00:00\",\"dateModified\":\"2026-01-12T14:55:47+00:00\",\"description\":\"Envie de decouvrir une ville autrement? Avec Hoppy-Tours faites preuve d'un esprit d'\u00e9quipe, d'orientation et de r\u00e9flection pour pouvoir d\u00e9guster vos 4 bi\u00e8res\",\"breadcrumb\":{\"@id\":\"https:\\\/\\\/www.hoppy-tours.com\\\/fr\\\/#breadcrumb\"},\"inLanguage\":\"fr-FR\",\"potentialAction\":[{\"@type\":\"ReadAction\",\"target\":[\"https:\\\/\\\/www.hoppy-tours.com\\\/fr\\\/\"]}]},{\"@type\":\"ImageObject\",\"inLanguage\":\"fr-FR\",\"@id\":\"https:\\\/\\\/www.hoppy-tours.com\\\/fr\\\/#primaryimage\",\"url\":\"https:\\\/\\\/www.hoppy-tours.com\\\/wp-content\\\/uploads\\\/2023\\\/03\\\/teamspirit-1.png\",\"contentUrl\":\"https:\\\/\\\/www.hoppy-tours.com\\\/wp-content\\\/uploads\\\/2023\\\/03\\\/teamspirit-1.png\"},{\"@type\":\"BreadcrumbList\",\"@id\":\"https:\\\/\\\/www.hoppy-tours.com\\\/fr\\\/#breadcrumb\",\"itemListElement\":[{\"@type\":\"ListItem\",\"position\":1,\"name\":\"Accueil\",\"item\":\"https:\\\/\\\/www.hoppy-tours.com\\\/fr\\\/\"},{\"@type\":\"ListItem\",\"position\":2,\"name\":\"Accueil\"}]},{\"@type\":\"WebSite\",\"@id\":\"https:\\\/\\\/www.hoppy-tours.com\\\/#website\",\"url\":\"https:\\\/\\\/www.hoppy-tours.com\\\/\",\"name\":\"Hoppy Tours\",\"description\":\"The tasty trail game\",\"publisher\":{\"@id\":\"https:\\\/\\\/www.hoppy-tours.com\\\/#organization\"},\"potentialAction\":[{\"@type\":\"SearchAction\",\"target\":{\"@type\":\"EntryPoint\",\"urlTemplate\":\"https:\\\/\\\/www.hoppy-tours.com\\\/?s={search_term_string}\"},\"query-input\":{\"@type\":\"PropertyValueSpecification\",\"valueRequired\":true,\"valueName\":\"search_term_string\"}}],\"inLanguage\":\"fr-FR\"},{\"@type\":\"Organization\",\"@id\":\"https:\\\/\\\/www.hoppy-tours.com\\\/#organization\",\"name\":\"Hoppy Tours\",\"url\":\"https:\\\/\\\/www.hoppy-tours.com\\\/\",\"logo\":{\"@type\":\"ImageObject\",\"inLanguage\":\"fr-FR\",\"@id\":\"https:\\\/\\\/www.hoppy-tours.com\\\/#\\\/schema\\\/logo\\\/image\\\/\",\"url\":\"https:\\\/\\\/www.hoppy-tours.com\\\/wp-content\\\/uploads\\\/2023\\\/03\\\/cropped-hoppy-192x192-1.png\",\"contentUrl\":\"https:\\\/\\\/www.hoppy-tours.com\\\/wp-content\\\/uploads\\\/2023\\\/03\\\/cropped-hoppy-192x192-1.png\",\"width\":192,\"height\":192,\"caption\":\"Hoppy Tours\"},\"image\":{\"@id\":\"https:\\\/\\\/www.hoppy-tours.com\\\/#\\\/schema\\\/logo\\\/image\\\/\"}}]}<\/script>\n<!-- \/ Yoast SEO plugin. -->","yoast_head_json":{"title":"Le jeu de piste gustatif &#8226; Hoppy Tours","description":"Envie de decouvrir une ville autrement? Avec Hoppy-Tours faites preuve d'un esprit d'\u00e9quipe, d'orientation et de r\u00e9flection pour pouvoir d\u00e9guster vos 4 bi\u00e8res","robots":{"index":"index","follow":"follow","max-snippet":"max-snippet:-1","max-image-preview":"max-image-preview:large","max-video-preview":"max-video-preview:-1"},"canonical":"https:\/\/www.hoppy-tours.com\/fr\/","og_locale":"fr_FR","og_type":"article","og_title":"Le jeu de piste gustatif &#8226; Hoppy Tours","og_description":"Envie de decouvrir une ville autrement? Avec Hoppy-Tours faites preuve d'un esprit d'\u00e9quipe, d'orientation et de r\u00e9flection pour pouvoir d\u00e9guster vos 4 bi\u00e8res","og_url":"https:\/\/www.hoppy-tours.com\/fr\/","og_site_name":"Hoppy Tours","article_modified_time":"2026-01-12T14:55:47+00:00","og_image":[{"width":100,"height":100,"url":"https:\/\/www.hoppy-tours.com\/wp-content\/uploads\/2023\/03\/teamspirit-1.png","type":"image\/png"}],"twitter_card":"summary_large_image","twitter_misc":{"Dur\u00e9e de lecture estim\u00e9e":"2 minutes"},"schema":{"@context":"https:\/\/schema.org","@graph":[{"@type":"WebPage","@id":"https:\/\/www.hoppy-tours.com\/fr\/","url":"https:\/\/www.hoppy-tours.com\/fr\/","name":"Le jeu de piste gustatif &#8226; Hoppy Tours","isPartOf":{"@id":"https:\/\/www.hoppy-tours.com\/#website"},"primaryImageOfPage":{"@id":"https:\/\/www.hoppy-tours.com\/fr\/#primaryimage"},"image":{"@id":"https:\/\/www.hoppy-tours.com\/fr\/#primaryimage"},"thumbnailUrl":"https:\/\/www.hoppy-tours.com\/wp-content\/uploads\/2023\/03\/teamspirit-1.png","datePublished":"2023-02-22T13:46:00+00:00","dateModified":"2026-01-12T14:55:47+00:00","description":"Envie de decouvrir une ville autrement? Avec Hoppy-Tours faites preuve d'un esprit d'\u00e9quipe, d'orientation et de r\u00e9flection pour pouvoir d\u00e9guster vos 4 bi\u00e8res","breadcrumb":{"@id":"https:\/\/www.hoppy-tours.com\/fr\/#breadcrumb"},"inLanguage":"fr-FR","potentialAction":[{"@type":"ReadAction","target":["https:\/\/www.hoppy-tours.com\/fr\/"]}]},{"@type":"ImageObject","inLanguage":"fr-FR","@id":"https:\/\/www.hoppy-tours.com\/fr\/#primaryimage","url":"https:\/\/www.hoppy-tours.com\/wp-content\/uploads\/2023\/03\/teamspirit-1.png","contentUrl":"https:\/\/www.hoppy-tours.com\/wp-content\/uploads\/2023\/03\/teamspirit-1.png"},{"@type":"BreadcrumbList","@id":"https:\/\/www.hoppy-tours.com\/fr\/#breadcrumb","itemListElement":[{"@type":"ListItem","position":1,"name":"Accueil","item":"https:\/\/www.hoppy-tours.com\/fr\/"},{"@type":"ListItem","position":2,"name":"Accueil"}]},{"@type":"WebSite","@id":"https:\/\/www.hoppy-tours.com\/#website","url":"https:\/\/www.hoppy-tours.com\/","name":"Hoppy Tours","description":"The tasty trail game","publisher":{"@id":"https:\/\/www.hoppy-tours.com\/#organization"},"potentialAction":[{"@type":"SearchAction","target":{"@type":"EntryPoint","urlTemplate":"https:\/\/www.hoppy-tours.com\/?s={search_term_string}"},"query-input":{"@type":"PropertyValueSpecification","valueRequired":true,"valueName":"search_term_string"}}],"inLanguage":"fr-FR"},{"@type":"Organization","@id":"https:\/\/www.hoppy-tours.com\/#organization","name":"Hoppy Tours","url":"https:\/\/www.hoppy-tours.com\/","logo":{"@type":"ImageObject","inLanguage":"fr-FR","@id":"https:\/\/www.hoppy-tours.com\/#\/schema\/logo\/image\/","url":"https:\/\/www.hoppy-tours.com\/wp-content\/uploads\/2023\/03\/cropped-hoppy-192x192-1.png","contentUrl":"https:\/\/www.hoppy-tours.com\/wp-content\/uploads\/2023\/03\/cropped-hoppy-192x192-1.png","width":192,"height":192,"caption":"Hoppy Tours"},"image":{"@id":"https:\/\/www.hoppy-tours.com\/#\/schema\/logo\/image\/"}}]}},"_links":{"self":[{"href":"https:\/\/www.hoppy-tours.com\/fr\/wp-json\/wp\/v2\/pages\/90","targetHints":{"allow":["GET"]}}],"collection":[{"href":"https:\/\/www.hoppy-tours.com\/fr\/wp-json\/wp\/v2\/pages"}],"about":[{"href":"https:\/\/www.hoppy-tours.com\/fr\/wp-json\/wp\/v2\/types\/page"}],"author":[{"embeddable":true,"href":"https:\/\/www.hoppy-tours.com\/fr\/wp-json\/wp\/v2\/users\/1"}],"replies":[{"embeddable":true,"href":"https:\/\/www.hoppy-tours.com\/fr\/wp-json\/wp\/v2\/comments?post=90"}],"version-history":[{"count":13,"href":"https:\/\/www.hoppy-tours.com\/fr\/wp-json\/wp\/v2\/pages\/90\/revisions"}],"predecessor-version":[{"id":5712,"href":"https:\/\/www.hoppy-tours.com\/fr\/wp-json\/wp\/v2\/pages\/90\/revisions\/5712"}],"wp:attachment":[{"href":"https:\/\/www.hoppy-tours.com\/fr\/wp-json\/wp\/v2\/media?parent=90"}],"curies":[{"name":"wp","href":"https:\/\/api.w.org\/{rel}","templated":true}]}}