


{"id":5233,"date":"2025-03-25T13:28:35","date_gmt":"2025-03-25T12:28:35","guid":{"rendered":"https:\/\/dev.hoppy-tours.com\/?page_id=5233"},"modified":"2025-06-02T14:52:57","modified_gmt":"2025-06-02T12:52:57","slug":"het-hoppy-project","status":"publish","type":"page","link":"https:\/\/www.hoppy-tours.com\/nl\/het-hoppy-project\/","title":{"rendered":"Het Hoppy project"},"content":{"rendered":"\n<div class=\"wp-block-columns is-layout-flex wp-container-core-columns-is-layout-9d6595d7 wp-block-columns-is-layout-flex\">\n<div class=\"wp-block-column is-layout-flow wp-block-column-is-layout-flow\">\n<figure class=\"wp-block-image size-large\"><img decoding=\"async\" src=\"https:\/\/www.hoppy-tours.com\/wp-content\/uploads\/2025\/03\/team-1024x1024.jpg\" alt=\"\" class=\"wp-image-5238\"\/><\/figure>\n<\/div>\n\n\n\n<div class=\"wp-block-column my-auto is-layout-flow wp-block-column-is-layout-flow\">\n<h2 class=\"wp-block-heading\">Ontdek Belgische bieren met een uniek spel!<\/h2>\n\n\n\n<p>Drie jeugdvrienden uit Brussel, gepassioneerd door hun stad en haar rijke brouwerij-erfgoed, hebben een unieke ervaring gecre\u00eberd om Brussel op een geheel nieuwe manier te verkennen. Door puzzels op te lossen en tegelijkertijd te genieten van bierproeverijen, hebben ze een meeslepende route ontworpen die deelnemers uitnodigt om het historische centrum van de hoofdstad te ontdekken terwijl ze Belgische bieren proeven.<\/p>\n\n\n\n<h2 class=\"wp-block-heading\">Een concept ge\u00efnspireerd op escape games<\/h2>\n\n\n\n<p>Bijna een jaar lang hebben deze enthousiastelingen de straten van Brussel doorkruist op zoek naar het perfecte parcours. Hun doel? Een spel cre\u00ebren dat voor iedereen toegankelijk is, 7 dagen per week, dag en nacht, en waarmee spelers de \u00celot Sacr\u00e9 op een leuke en originele manier kunnen verkennen.<\/p>\n\n\n\n<h2 class=\"wp-block-heading\">Een route vol ontdekkingen<\/h2>\n\n\n\n<p>Drie zorgvuldig geselecteerde bars, gekozen om hun charme, geschiedenis en sfeer, verwelkomen de deelnemers gedurende het hele avontuur. Het principe is simpel: in teams van 2 tot 5 personen ontvangen spelers een routeboek bij het startpunt (dat pas bij de reservering wordt onthuld). Deze gids bevat kaarten en aanwijzingen, historische anekdotes en raadsels die moeten worden opgelost om verder te komen naar de volgende etappe.<\/p>\n<\/div>\n<\/div>\n\n\n\n<div class=\"wp-block-columns is-layout-flex wp-container-core-columns-is-layout-9d6595d7 wp-block-columns-is-layout-flex\">\n<div class=\"wp-block-column my-auto is-layout-flow wp-block-column-is-layout-flow\">\n<h2 class=\"wp-block-heading\">&#8220;Hoppy Coins&#8221; om Belgische bieren te proeven<\/h2>\n\n\n\n<p>Bij elke stop kunnen spelers hun <strong>&#8220;Hoppy Coins&#8221;<\/strong> gebruiken om een Belgisch bier (of een frisdrank) te proeven. De duur van het spel? Tussen de 3 en 4 uur, afhankelijk van de tijd die in elke bar wordt doorgebracht! De enige beperking is om rekening te houden met de openingsuren van de deelnemende bars.<\/p>\n\n\n\n<h2 class=\"wp-block-heading\">Nieuwe avonturen in de maak<\/h2>\n\n\n\n<p>Dit originele concept, dat strategie, cultuur en bierproeverijen combineert, stopt hier niet. Nieuwe routes zijn al in ontwikkeling om bierliefhebbers en fans van unieke ontdekkingen te blijven verrassen en verwennen.<\/p>\n\n\n\n<p>Een perfecte ervaring voor <strong>&#8220;hopjagers&#8221;<\/strong> die op zoek zijn naar avontuur en gezelligheid!<\/p>\n<\/div>\n\n\n\n<div class=\"wp-block-column is-layout-flow wp-block-column-is-layout-flow\">\n<figure class=\"wp-block-image size-large\"><img loading=\"lazy\" decoding=\"async\" width=\"1024\" height=\"1024\" src=\"https:\/\/www.hoppy-tours.com\/wp-content\/uploads\/2025\/03\/hoppy-coins-1024x1024.jpg\" alt=\"\" class=\"wp-image-5241\" srcset=\"https:\/\/www.hoppy-tours.com\/wp-content\/uploads\/2025\/03\/hoppy-coins-1024x1024.jpg 1024w, https:\/\/www.hoppy-tours.com\/wp-content\/uploads\/2025\/03\/hoppy-coins-300x300.jpg 300w, https:\/\/www.hoppy-tours.com\/wp-content\/uploads\/2025\/03\/hoppy-coins-150x150.jpg 150w, https:\/\/www.hoppy-tours.com\/wp-content\/uploads\/2025\/03\/hoppy-coins-768x768.jpg 768w, https:\/\/www.hoppy-tours.com\/wp-content\/uploads\/2025\/03\/hoppy-coins-600x600.jpg 600w, https:\/\/www.hoppy-tours.com\/wp-content\/uploads\/2025\/03\/hoppy-coins-100x100.jpg 100w, https:\/\/www.hoppy-tours.com\/wp-content\/uploads\/2025\/03\/hoppy-coins.jpg 1200w\" sizes=\"auto, (max-width: 1024px) 100vw, 1024px\" \/><\/figure>\n<\/div>\n<\/div>\n","protected":false},"excerpt":{"rendered":"<p>Ontdek Belgische bieren met een uniek spel! Drie jeugdvrienden uit Brussel, gepassioneerd door hun stad en haar rijke brouwerij-erfgoed, hebben een unieke ervaring gecre\u00eberd om Brussel op een geheel nieuwe manier te verkennen. Door puzzels op te lossen en tegelijkertijd te genieten van bierproeverijen, hebben ze een meeslepende route ontworpen die deelnemers uitnodigt om het [&hellip;]<\/p>\n","protected":false},"author":1,"featured_media":0,"parent":0,"menu_order":0,"comment_status":"closed","ping_status":"closed","template":"templates\/template-defaut.php","meta":{"_acf_changed":false,"footnotes":""},"class_list":["post-5233","page","type-page","status-publish","hentry"],"acf":[],"yoast_head":"<!-- This site is optimized with the Yoast SEO plugin v27.5 - https:\/\/yoast.com\/product\/yoast-seo-wordpress\/ -->\n<title>Het Hoppy project &#8226; Hoppy Tours<\/title>\n<meta name=\"robots\" content=\"index, follow, max-snippet:-1, max-image-preview:large, max-video-preview:-1\" \/>\n<link rel=\"canonical\" href=\"https:\/\/www.hoppy-tours.com\/the-hoppy-tours-project\/\" \/>\n<meta property=\"og:locale\" content=\"nl_NL\" \/>\n<meta property=\"og:type\" content=\"article\" \/>\n<meta property=\"og:title\" content=\"Het Hoppy project &#8226; Hoppy Tours\" \/>\n<meta property=\"og:description\" content=\"Ontdek Belgische bieren met een uniek spel! Drie jeugdvrienden uit Brussel, gepassioneerd door hun stad en haar rijke brouwerij-erfgoed, hebben een unieke ervaring gecre\u00eberd om Brussel op een geheel nieuwe manier te verkennen. Door puzzels op te lossen en tegelijkertijd te genieten van bierproeverijen, hebben ze een meeslepende route ontworpen die deelnemers uitnodigt om het [&hellip;]\" \/>\n<meta property=\"og:url\" content=\"https:\/\/www.hoppy-tours.com\/the-hoppy-tours-project\/\" \/>\n<meta property=\"og:site_name\" content=\"Hoppy Tours\" \/>\n<meta property=\"article:modified_time\" content=\"2025-06-02T12:52:57+00:00\" \/>\n<meta property=\"og:image\" content=\"https:\/\/www.hoppy-tours.com\/wp-content\/uploads\/2023\/02\/hoppyTour.jpeg\" \/>\n\t<meta property=\"og:image:width\" content=\"880\" \/>\n\t<meta property=\"og:image:height\" content=\"660\" \/>\n\t<meta property=\"og:image:type\" content=\"image\/jpeg\" \/>\n<meta name=\"twitter:card\" content=\"summary_large_image\" \/>\n<meta name=\"twitter:label1\" content=\"Geschatte leestijd\" \/>\n\t<meta name=\"twitter:data1\" content=\"2 minuten\" \/>\n<script type=\"application\/ld+json\" class=\"yoast-schema-graph\">{\"@context\":\"https:\\\/\\\/schema.org\",\"@graph\":[{\"@type\":\"WebPage\",\"@id\":\"https:\\\/\\\/www.hoppy-tours.com\\\/the-hoppy-tours-project\\\/\",\"url\":\"https:\\\/\\\/www.hoppy-tours.com\\\/the-hoppy-tours-project\\\/\",\"name\":\"Het Hoppy project &#8226; Hoppy Tours\",\"isPartOf\":{\"@id\":\"https:\\\/\\\/www.hoppy-tours.com\\\/#website\"},\"primaryImageOfPage\":{\"@id\":\"https:\\\/\\\/www.hoppy-tours.com\\\/the-hoppy-tours-project\\\/#primaryimage\"},\"image\":{\"@id\":\"https:\\\/\\\/www.hoppy-tours.com\\\/the-hoppy-tours-project\\\/#primaryimage\"},\"thumbnailUrl\":\"https:\\\/\\\/www.hoppy-tours.com\\\/wp-content\\\/uploads\\\/2025\\\/03\\\/team-1024x1024.jpg\",\"datePublished\":\"2025-03-25T12:28:35+00:00\",\"dateModified\":\"2025-06-02T12:52:57+00:00\",\"breadcrumb\":{\"@id\":\"https:\\\/\\\/www.hoppy-tours.com\\\/the-hoppy-tours-project\\\/#breadcrumb\"},\"inLanguage\":\"nl-NL\",\"potentialAction\":[{\"@type\":\"ReadAction\",\"target\":[\"https:\\\/\\\/www.hoppy-tours.com\\\/the-hoppy-tours-project\\\/\"]}]},{\"@type\":\"ImageObject\",\"inLanguage\":\"nl-NL\",\"@id\":\"https:\\\/\\\/www.hoppy-tours.com\\\/the-hoppy-tours-project\\\/#primaryimage\",\"url\":\"https:\\\/\\\/www.hoppy-tours.com\\\/wp-content\\\/uploads\\\/2025\\\/03\\\/team-1024x1024.jpg\",\"contentUrl\":\"https:\\\/\\\/www.hoppy-tours.com\\\/wp-content\\\/uploads\\\/2025\\\/03\\\/team-1024x1024.jpg\"},{\"@type\":\"BreadcrumbList\",\"@id\":\"https:\\\/\\\/www.hoppy-tours.com\\\/the-hoppy-tours-project\\\/#breadcrumb\",\"itemListElement\":[{\"@type\":\"ListItem\",\"position\":1,\"name\":\"Accueil\",\"item\":\"https:\\\/\\\/www.hoppy-tours.com\\\/nl\\\/\"},{\"@type\":\"ListItem\",\"position\":2,\"name\":\"Het Hoppy project\"}]},{\"@type\":\"WebSite\",\"@id\":\"https:\\\/\\\/www.hoppy-tours.com\\\/#website\",\"url\":\"https:\\\/\\\/www.hoppy-tours.com\\\/\",\"name\":\"Hoppy Tours\",\"description\":\"The tasty trail game\",\"publisher\":{\"@id\":\"https:\\\/\\\/www.hoppy-tours.com\\\/#organization\"},\"potentialAction\":[{\"@type\":\"SearchAction\",\"target\":{\"@type\":\"EntryPoint\",\"urlTemplate\":\"https:\\\/\\\/www.hoppy-tours.com\\\/?s={search_term_string}\"},\"query-input\":{\"@type\":\"PropertyValueSpecification\",\"valueRequired\":true,\"valueName\":\"search_term_string\"}}],\"inLanguage\":\"nl-NL\"},{\"@type\":\"Organization\",\"@id\":\"https:\\\/\\\/www.hoppy-tours.com\\\/#organization\",\"name\":\"Hoppy Tours\",\"url\":\"https:\\\/\\\/www.hoppy-tours.com\\\/\",\"logo\":{\"@type\":\"ImageObject\",\"inLanguage\":\"nl-NL\",\"@id\":\"https:\\\/\\\/www.hoppy-tours.com\\\/#\\\/schema\\\/logo\\\/image\\\/\",\"url\":\"https:\\\/\\\/www.hoppy-tours.com\\\/wp-content\\\/uploads\\\/2023\\\/03\\\/cropped-hoppy-192x192-1.png\",\"contentUrl\":\"https:\\\/\\\/www.hoppy-tours.com\\\/wp-content\\\/uploads\\\/2023\\\/03\\\/cropped-hoppy-192x192-1.png\",\"width\":192,\"height\":192,\"caption\":\"Hoppy Tours\"},\"image\":{\"@id\":\"https:\\\/\\\/www.hoppy-tours.com\\\/#\\\/schema\\\/logo\\\/image\\\/\"}}]}<\/script>\n<!-- \/ Yoast SEO plugin. -->","yoast_head_json":{"title":"Het Hoppy project &#8226; Hoppy Tours","robots":{"index":"index","follow":"follow","max-snippet":"max-snippet:-1","max-image-preview":"max-image-preview:large","max-video-preview":"max-video-preview:-1"},"canonical":"https:\/\/www.hoppy-tours.com\/the-hoppy-tours-project\/","og_locale":"nl_NL","og_type":"article","og_title":"Het Hoppy project &#8226; Hoppy Tours","og_description":"Ontdek Belgische bieren met een uniek spel! Drie jeugdvrienden uit Brussel, gepassioneerd door hun stad en haar rijke brouwerij-erfgoed, hebben een unieke ervaring gecre\u00eberd om Brussel op een geheel nieuwe manier te verkennen. Door puzzels op te lossen en tegelijkertijd te genieten van bierproeverijen, hebben ze een meeslepende route ontworpen die deelnemers uitnodigt om het [&hellip;]","og_url":"https:\/\/www.hoppy-tours.com\/the-hoppy-tours-project\/","og_site_name":"Hoppy Tours","article_modified_time":"2025-06-02T12:52:57+00:00","og_image":[{"width":880,"height":660,"url":"https:\/\/www.hoppy-tours.com\/wp-content\/uploads\/2023\/02\/hoppyTour.jpeg","type":"image\/jpeg"}],"twitter_card":"summary_large_image","twitter_misc":{"Geschatte leestijd":"2 minuten"},"schema":{"@context":"https:\/\/schema.org","@graph":[{"@type":"WebPage","@id":"https:\/\/www.hoppy-tours.com\/the-hoppy-tours-project\/","url":"https:\/\/www.hoppy-tours.com\/the-hoppy-tours-project\/","name":"Het Hoppy project &#8226; Hoppy Tours","isPartOf":{"@id":"https:\/\/www.hoppy-tours.com\/#website"},"primaryImageOfPage":{"@id":"https:\/\/www.hoppy-tours.com\/the-hoppy-tours-project\/#primaryimage"},"image":{"@id":"https:\/\/www.hoppy-tours.com\/the-hoppy-tours-project\/#primaryimage"},"thumbnailUrl":"https:\/\/www.hoppy-tours.com\/wp-content\/uploads\/2025\/03\/team-1024x1024.jpg","datePublished":"2025-03-25T12:28:35+00:00","dateModified":"2025-06-02T12:52:57+00:00","breadcrumb":{"@id":"https:\/\/www.hoppy-tours.com\/the-hoppy-tours-project\/#breadcrumb"},"inLanguage":"nl-NL","potentialAction":[{"@type":"ReadAction","target":["https:\/\/www.hoppy-tours.com\/the-hoppy-tours-project\/"]}]},{"@type":"ImageObject","inLanguage":"nl-NL","@id":"https:\/\/www.hoppy-tours.com\/the-hoppy-tours-project\/#primaryimage","url":"https:\/\/www.hoppy-tours.com\/wp-content\/uploads\/2025\/03\/team-1024x1024.jpg","contentUrl":"https:\/\/www.hoppy-tours.com\/wp-content\/uploads\/2025\/03\/team-1024x1024.jpg"},{"@type":"BreadcrumbList","@id":"https:\/\/www.hoppy-tours.com\/the-hoppy-tours-project\/#breadcrumb","itemListElement":[{"@type":"ListItem","position":1,"name":"Accueil","item":"https:\/\/www.hoppy-tours.com\/nl\/"},{"@type":"ListItem","position":2,"name":"Het Hoppy project"}]},{"@type":"WebSite","@id":"https:\/\/www.hoppy-tours.com\/#website","url":"https:\/\/www.hoppy-tours.com\/","name":"Hoppy Tours","description":"The tasty trail game","publisher":{"@id":"https:\/\/www.hoppy-tours.com\/#organization"},"potentialAction":[{"@type":"SearchAction","target":{"@type":"EntryPoint","urlTemplate":"https:\/\/www.hoppy-tours.com\/?s={search_term_string}"},"query-input":{"@type":"PropertyValueSpecification","valueRequired":true,"valueName":"search_term_string"}}],"inLanguage":"nl-NL"},{"@type":"Organization","@id":"https:\/\/www.hoppy-tours.com\/#organization","name":"Hoppy Tours","url":"https:\/\/www.hoppy-tours.com\/","logo":{"@type":"ImageObject","inLanguage":"nl-NL","@id":"https:\/\/www.hoppy-tours.com\/#\/schema\/logo\/image\/","url":"https:\/\/www.hoppy-tours.com\/wp-content\/uploads\/2023\/03\/cropped-hoppy-192x192-1.png","contentUrl":"https:\/\/www.hoppy-tours.com\/wp-content\/uploads\/2023\/03\/cropped-hoppy-192x192-1.png","width":192,"height":192,"caption":"Hoppy Tours"},"image":{"@id":"https:\/\/www.hoppy-tours.com\/#\/schema\/logo\/image\/"}}]}},"_links":{"self":[{"href":"https:\/\/www.hoppy-tours.com\/nl\/wp-json\/wp\/v2\/pages\/5233","targetHints":{"allow":["GET"]}}],"collection":[{"href":"https:\/\/www.hoppy-tours.com\/nl\/wp-json\/wp\/v2\/pages"}],"about":[{"href":"https:\/\/www.hoppy-tours.com\/nl\/wp-json\/wp\/v2\/types\/page"}],"author":[{"embeddable":true,"href":"https:\/\/www.hoppy-tours.com\/nl\/wp-json\/wp\/v2\/users\/1"}],"replies":[{"embeddable":true,"href":"https:\/\/www.hoppy-tours.com\/nl\/wp-json\/wp\/v2\/comments?post=5233"}],"version-history":[{"count":1,"href":"https:\/\/www.hoppy-tours.com\/nl\/wp-json\/wp\/v2\/pages\/5233\/revisions"}],"predecessor-version":[{"id":5340,"href":"https:\/\/www.hoppy-tours.com\/nl\/wp-json\/wp\/v2\/pages\/5233\/revisions\/5340"}],"wp:attachment":[{"href":"https:\/\/www.hoppy-tours.com\/nl\/wp-json\/wp\/v2\/media?parent=5233"}],"curies":[{"name":"wp","href":"https:\/\/api.w.org\/{rel}","templated":true}]}}